{"id":2,"date":"2016-05-10T03:48:21","date_gmt":"2016-05-10T03:48:21","guid":{"rendered":"http:\/\/gplv-stralsund.de\/?page_id=2"},"modified":"2019-02-01T10:39:28","modified_gmt":"2019-02-01T10:39:28","slug":"sample-page","status":"publish","type":"page","link":"https:\/\/gplv-stralsund.de\/","title":{"rendered":"Willkommen!"},"content":{"rendered":"\r\n<p>Der \u201eGPLV e.V.\u201c ist der Zusammenschluss interessierter Leistungserbringer im Landkreis Vorpommern-R\u00fcgen. Wir sehen unsere Aufgabe in der kontinuierlichen qualitativen Weiterentwicklung und Verbesserung einer bedarfs- und bed\u00fcrfnisgerechten gemeindeintegrierten und personenzentrierten Versorgung f\u00fcr Menschen mit psychischen St\u00f6rungen und\/oder psychischer Behinderung. Hierzu arbeiten wir eng mit den entsprechenden Stellen im Landkreis zusammen.<\/p>\r\n\r\n\r\n\r\n<figure class=\"wp-block-image\"><img loading=\"lazy\" decoding=\"async\" width=\"1024\" height=\"667\" class=\"wp-image-23\" src=\"https:\/\/gplv-stralsund.de\/wp-content\/uploads\/2019\/02\/landingpic-1024x667.jpg\" alt=\"\" srcset=\"https:\/\/gplv-stralsund.de\/wp-content\/uploads\/2019\/02\/landingpic-1024x667.jpg 1024w, https:\/\/gplv-stralsund.de\/wp-content\/uploads\/2019\/02\/landingpic-300x195.jpg 300w, https:\/\/gplv-stralsund.de\/wp-content\/uploads\/2019\/02\/landingpic-768x500.jpg 768w, https:\/\/gplv-stralsund.de\/wp-content\/uploads\/2019\/02\/landingpic-1200x781.jpg 1200w\" sizes=\"auto, (max-width: 1024px) 100vw, 1024px\" \/><\/figure>\r\n\r\n\r\n\r\n<p>Gemeinsam wollen wir erreichen:<\/p>\r\n\r\n\r\n\r\n<ul class=\"wp-block-list\">\r\n<li>Verbesserung der interdisziplin\u00e4ren Zusammenarbeit mit Integration von medizinischen Fachgruppen<\/li>\r\n<li>Kooperation mit den Krankenh\u00e4usern, anderen Leistungserbringern, Sozialleistungstr\u00e4gern zur Optimierung der Klienten \/ Patientenversorgung<\/li>\r\n<li>F\u00f6rderung der Tr\u00e4gerkommunikation<\/li>\r\n<li>Fortbildung der Mitarbeiter<\/li>\r\n<li>Durchf\u00fchrung von Qualit\u00e4tssicherungsma\u00dfnahmen (z.B. Qualit\u00e4tszirkelarbeit),<\/li>\r\n<li>Implementierung von Leitlinien f\u00fcr die sozialpsychiatrische und medizinische Versorgung von Klienten \/ Patienten und deren Einhaltung<\/li>\r\n<li>F\u00f6rderung von Patienten-Selbsthilfegruppen<\/li>\r\n<li>Patienteninformation<\/li>\r\n<li>Gew\u00e4hrleistung von ethischen Normen<\/li>\r\n<\/ul>\r\n","protected":false},"excerpt":{"rendered":"<p>Der \u201eGPLV e.V.\u201c ist der Zusammenschluss interessierter Leistungserbringer im Landkreis Vorpommern-R\u00fcgen. Wir sehen unsere Aufgabe in der kontinuierlichen qualitativen Weiterentwicklung und Verbesserung einer bedarfs- und bed\u00fcrfnisgerechten gemeindeintegrierten und personenzentrierten Versorgung f\u00fcr Menschen mit psychischen St\u00f6rungen und\/oder psychischer Behinderung. Hierzu arbeiten wir eng mit den entsprechenden Stellen im Landkreis zusammen. Gemeinsam wollen wir erreichen: Verbesserung der [&hellip;]<\/p>\n","protected":false},"author":1,"featured_media":0,"parent":0,"menu_order":0,"comment_status":"closed","ping_status":"open","template":"page-templates\/full-width.php","meta":{"footnotes":""},"class_list":["post-2","page","type-page","status-publish","hentry"],"_links":{"self":[{"href":"https:\/\/gplv-stralsund.de\/index.php?rest_route=\/wp\/v2\/pages\/2","targetHints":{"allow":["GET"]}}],"collection":[{"href":"https:\/\/gplv-stralsund.de\/index.php?rest_route=\/wp\/v2\/pages"}],"about":[{"href":"https:\/\/gplv-stralsund.de\/index.php?rest_route=\/wp\/v2\/types\/page"}],"author":[{"embeddable":true,"href":"https:\/\/gplv-stralsund.de\/index.php?rest_route=\/wp\/v2\/users\/1"}],"replies":[{"embeddable":true,"href":"https:\/\/gplv-stralsund.de\/index.php?rest_route=%2Fwp%2Fv2%2Fcomments&post=2"}],"version-history":[{"count":4,"href":"https:\/\/gplv-stralsund.de\/index.php?rest_route=\/wp\/v2\/pages\/2\/revisions"}],"predecessor-version":[{"id":37,"href":"https:\/\/gplv-stralsund.de\/index.php?rest_route=\/wp\/v2\/pages\/2\/revisions\/37"}],"wp:attachment":[{"href":"https:\/\/gplv-stralsund.de\/index.php?rest_route=%2Fwp%2Fv2%2Fmedia&parent=2"}],"curies":[{"name":"wp","href":"https:\/\/api.w.org\/{rel}","templated":true}]}}