{"id":27,"date":"2019-02-01T10:25:08","date_gmt":"2019-02-01T10:25:08","guid":{"rendered":"https:\/\/gplv-stralsund.de\/?page_id=27"},"modified":"2019-02-01T10:52:22","modified_gmt":"2019-02-01T10:52:22","slug":"ziele-aufgaben","status":"publish","type":"page","link":"https:\/\/gplv-stralsund.de\/?page_id=27","title":{"rendered":"Ziele \/ Aufgaben"},"content":{"rendered":"<p>Der \u00bbGPLV Versorgungsregion Stralsund\u00ab ist ein Zusammenschluss gemeinn\u00fctziger und freier Tr\u00e4ger der psychosozialen Versorgung in der Versorgungsregion Stralsund. Die Mitglieder des GPLV verfolgen das Ziel, zu einer bedarfsgerechten Versorgung psychisch kranker B\u00fcrgerInnen in der Versorgungsregion Stralsund beizutragen.<\/p>\n<p>Der GPLV Versorgungsregion Stralsund e.V. strebt die verbindliche \u00dcbernahme von Versorgungsaufgaben und die Absprache von Planungen und Leistungen f\u00fcr definierte Zielgruppen an, sofern ihre angemessene Finanzierung sichergestellt ist.<\/p>\n<p>Der Verbund ist auf die Versorgung folgender Zielgruppen ausgerichtet: Menschen mit psychischen und sozialen Beeintr\u00e4chtigungen, die vor\u00fcbergehend, l\u00e4ngerfristig oder auf Dauer nicht in der Lage sind, von sich aus aktiv die erforderlichen Hilfen in Anspruch zu nehmen oder die erforderlichen Hilfen in ihrer Gesamtheit zu koordinieren.<\/p>\n<p>Die Angebote richten sich dabei sowohl an die entsprechenden Klientengruppen aus dem Bereich der psychisch Kranken als auch der Abh\u00e4ngigkeitskranken. Dar\u00fcber hinaus richten sie sich an psychisch Kranke im h\u00f6heren Lebensalter, soweit diese nicht von den entsprechenden Hilfeangeboten im Rahmen der Altenhilfe erreicht werden (im Folgenden sind diese Klientengruppen unter der Bezeichnung \u00bbpsychisch kranke Menschen\u00ab gemeint).<br \/>\nDas Leistungsangebot des Verbundes soll dazu beitragen, die wichtigsten Basisfunktionen in der Versorgung der genannten Zielgruppen inbedarfsgerechtem Umfang sicherzustellen:<\/p>\n<div class=\"list\">\n<ul>\n<li>Sozialpsychiatrische Leistungen zur Selbstversorgung (Bereiche Wohnen, Wirtschaften)<\/li>\n<li>Sozialpsychiatrische Leistungen zur Tagesgestaltung und Kontaktfindung<\/li>\n<li>Sozialpsychiatrische Leistungen zu Arbeit und Ausbildung<\/li>\n<li>Sozialpsychiatrische Grundversorgung<\/li>\n<li>Spezielle Therapieverfahren wie Soziotherapie, ambulante Ergotherapie<\/li>\n<li>Sozialpsychiatrische Leistungen zur Koordination durch eine therapeutische Bezugsperson<\/li>\n<li>Betreuungsplanung und Abstimmung<\/li>\n<\/ul>\n<\/div>\n<p>Im Rahmen einer individuellen Hilfeplanung (IBRP) ist im Einzelfall festzustellen und mit dem Leistungstr\u00e4ger zu vereinbaren, welche Leistungen in welchem Umfang zu erbringen sind. Der Verbund verpflichtet sich, die Leistungen als Komplexleistung zu erbringen, d.h. als integrierte Leistung nach gemeinsamer Planung und Abstimmung der beteiligten Leistungserbringer im Verlauf. Unter sozialrechtlichem Aspekt handelt es sich bei den zu erbringenden Leistungen \u00fcberwiegend um solche der Eingliederungshilfe f\u00fcr behinderte Menschen nach \u00a7\u00a7 53 ff SGB XII, aber auch Leistungen nach SGB V. Die Kooperationspartner verpflichten sich, ggf. vorrangig zust\u00e4ndige Kostentr\u00e4ger in die Finanzierung von Leistungen des Verbundes einzubeziehen.<\/p>\n","protected":false},"excerpt":{"rendered":"<p>Der \u00bbGPLV Versorgungsregion Stralsund\u00ab ist ein Zusammenschluss gemeinn\u00fctziger und freier Tr\u00e4ger der psychosozialen Versorgung in der Versorgungsregion Stralsund. Die Mitglieder des GPLV verfolgen das Ziel, zu einer bedarfsgerechten Versorgung psychisch kranker B\u00fcrgerInnen in der Versorgungsregion Stralsund beizutragen. Der GPLV Versorgungsregion Stralsund e.V. strebt die verbindliche \u00dcbernahme von Versorgungsaufgaben und die Absprache von Planungen und Leistungen [&hellip;]<\/p>\n","protected":false},"author":1,"featured_media":0,"parent":0,"menu_order":0,"comment_status":"closed","ping_status":"closed","template":"page-templates\/full-width.php","meta":{"footnotes":""},"class_list":["post-27","page","type-page","status-publish","hentry"],"_links":{"self":[{"href":"https:\/\/gplv-stralsund.de\/index.php?rest_route=\/wp\/v2\/pages\/27","targetHints":{"allow":["GET"]}}],"collection":[{"href":"https:\/\/gplv-stralsund.de\/index.php?rest_route=\/wp\/v2\/pages"}],"about":[{"href":"https:\/\/gplv-stralsund.de\/index.php?rest_route=\/wp\/v2\/types\/page"}],"author":[{"embeddable":true,"href":"https:\/\/gplv-stralsund.de\/index.php?rest_route=\/wp\/v2\/users\/1"}],"replies":[{"embeddable":true,"href":"https:\/\/gplv-stralsund.de\/index.php?rest_route=%2Fwp%2Fv2%2Fcomments&post=27"}],"version-history":[{"count":2,"href":"https:\/\/gplv-stralsund.de\/index.php?rest_route=\/wp\/v2\/pages\/27\/revisions"}],"predecessor-version":[{"id":65,"href":"https:\/\/gplv-stralsund.de\/index.php?rest_route=\/wp\/v2\/pages\/27\/revisions\/65"}],"wp:attachment":[{"href":"https:\/\/gplv-stralsund.de\/index.php?rest_route=%2Fwp%2Fv2%2Fmedia&parent=27"}],"curies":[{"name":"wp","href":"https:\/\/api.w.org\/{rel}","templated":true}]}}