{"id":60,"date":"2019-02-01T10:49:16","date_gmt":"2019-02-01T10:49:16","guid":{"rendered":"https:\/\/gplv-stralsund.de\/?page_id=60"},"modified":"2025-03-03T10:09:04","modified_gmt":"2025-03-03T10:09:04","slug":"datenschutzerklaerung","status":"publish","type":"page","link":"https:\/\/gplv-stralsund.de\/?page_id=60","title":{"rendered":"Datenschutzerkl\u00e4rung"},"content":{"rendered":"<p><strong><u>Datenschutzerkl\u00e4rung f\u00fcr die WEB-Seite des GPLV\u00a0\u00a0\u00a0\u00a0\u00a0\u00a0\u00a0\u00a0\u00a0\u00a0\u00a0\u00a0\u00a0\u00a0\u00a0\u00a0\u00a0\u00a0\u00a0\u00a0 \u00a0\u00a0 Status: 10\/2018<\/u><\/strong><\/p>\n<p>Vielen Dank f\u00fcr den Besuch unserer Website. Bitte lesen Sie die gesamte Datenschutz-erkl\u00e4rung durch, bevor Sie diese Website nutzen oder uns pers\u00f6nliche Daten \u00fcber-mitteln.<br \/>\n<strong><br \/>\nDatenschutzerkl\u00e4rung des GPLV Stralsund<\/strong><\/p>\n<p>Webseitenbetreiber und Verantwortlicher:<\/p>\n<p>GPLV Stralsund,\u00a0 \u00a0 \u00a0S\u00f6ren Baumeister<\/p>\n<p>Dorfstr. 64, 18513 Grammendorf<\/p>\n<p>Tel. 0173-2054893<\/p>\n<p><u>post@gplv-stralsund.de<\/u><\/p>\n<p>Der Websitebetreiber nimmt Ihren Datenschutz sehr ernst und behandelt Ihre personen-bezogenen Daten vertraulich und entsprechend der gesetzlichen Datenschutz-vorschriften sowie dieser Datenschutzerkl\u00e4rung.<\/p>\n<p>Definitionen der verwendeten Begriffe (z.B. &#8222;personenbezogene Daten&#8220; oder &#8222;Verarbeitung&#8220;) finden Sie in Art. 4 DSGVO.<\/p>\n<p>Die Nutzung unserer Internetseite ist in der Regel ohne Angabe personenbezogener Daten m\u00f6glich. Soweit auf unseren Seiten personenbezogene Daten (beispielsweise Name, Anschrift, Telefonnummer oder E-Mail-Adressen von Mitgliedern und Referenten) abgebildet werden, erfolgt dies stets auf freiwilliger Basis.<\/p>\n<p>Wir weisen darauf hin, dass die Daten\u00fcbertragung im Internet (z.B. bei der Kommunikation per E-Mail) Sicherheitsl\u00fccken aufweisen kann. Ein l\u00fcckenloser Schutz der Daten vor dem Zugriff durch Dritte ist nicht m\u00f6glich.<\/p>\n<p><strong><u>Haftungsausschluss<\/u><\/strong><u><br \/>\n<\/u>Unsere Website enth\u00e4lt Links zu externen Webseiten Dritter, auf deren Inhalte und deren Ver\u00e4nderungen wir keinen Einfluss haben und f\u00fcr die wir auch keine Gew\u00e4hr \u00fcbernehmen k\u00f6nnen. F\u00fcr die Inhalte der verlinkten Seiten ist allein deren jeweiliger Anbieter oder Betreiber verantwortlich. Wir haben die verlinkten Seiten zum Zeitpunkt der Verlinkung sorgf\u00e4ltig auf Rechtsverst\u00f6\u00dfe \u00fcberpr\u00fcft. Zu diesem Zeitpunkt waren keine Verst\u00f6\u00dfe erkennbar. Eine permanente inhaltliche Kontrolle der verlinkten Seiten ist uns jedoch nicht zumutbar, soweit nicht konkrete Anhaltspunkte f\u00fcr eine Rechtsverletzung vorliegen. Bei Bekanntwerden von Rechtsverletzungen auf Webseiten Dritter werden wir etwaige Links auf diesen Seiten umgehend entfernen.<\/p>\n<p><strong><u>Urheberrechtshinweis<\/u><\/strong><u><br \/>\n<\/u>Alle Inhalte und Strukturen dieser Website sind urheber- und leistungsschutzrechtlich gesch\u00fctzt. Die Ver\u00f6ffentlichung im World Wide Web oder in sonstigen Diensten des Internet bedeutet noch keine Einverst\u00e4ndniserkl\u00e4rung f\u00fcr eine anderweitige Nutzung durch Dritte.<\/p>\n<p><strong><u>Informationen zum Datenschutz<\/u><\/strong><\/p>\n<table width=\"614\">\n<tbody>\n<tr>\n<td width=\"35\">&nbsp;<\/p>\n<p>&nbsp;<\/p>\n<p>&nbsp;<\/p>\n<p>&nbsp;<\/td>\n<td width=\"579\"><strong>\u00a0<\/strong><\/p>\n<p><strong>Datenverarbeitung:<\/strong><br \/>\nDamit wir unserer Vereinsarbeit zur Erf\u00fcllung und F\u00f6rderung des satzungs-gem\u00e4\u00dfen Vereinszwecks nachkommen k\u00f6nnen, verarbeiten wir von Ihnen pers\u00f6nliche Informationen. Die Datenerhebung erfolgt, um die Vereinsarbeit sicherzustellen, Mitgliedschaften zu begr\u00fcnden und zu verwalten.<\/p>\n<p>Selbstverst\u00e4ndlich werden Ihre Daten stets streng vertraulich behandelt.<\/td>\n<\/tr>\n<tr>\n<td width=\"35\">&nbsp;<\/p>\n<p>&nbsp;<\/td>\n<td width=\"579\"><strong>\u00a0<\/strong><\/p>\n<p><strong>Datenempf\u00e4nger:<\/strong><br \/>\nWir \u00fcbermitteln Ihre personenbezogenen Daten nur dann an Dritte, wenn dies gesetzlich erlaubt ist, Ihre Mitgliedschaft dies aus sonstigen Gr\u00fcnden erfordert oder Sie dazu eingewilligt haben. Empf\u00e4nger Ihrer personenbezogenen Daten k\u00f6nnen insbesondere \u00fcbergeordnete Vereinigungen, andere Vereinsmitglieder, Kooperationspartner, u.a.m. sein. Die \u00dcbermittlung erfolgt stets zum Zwecke der Durchf\u00fchrung des Mitgliedschaftsverh\u00e4ltnisses und zur Gew\u00e4hrleistung der Vereinsarbeit.<\/td>\n<\/tr>\n<tr>\n<td width=\"35\"><\/td>\n<td width=\"579\"><strong>\u00a0<\/strong><\/p>\n<p><strong>Datenspeicherung:<\/strong><br \/>\nWir bewahren Ihre personenbezogenen Daten solange auf, wie dies f\u00fcr die Durchf\u00fchrung der Leistungserbringung und die Dauer Ihrer Mitgliedschaft erforderlich ist. Aufgrund rechtlicher Vorgaben k\u00f6nnen sich l\u00e4ngere Aufbewahrungsfristen ergeben.<strong style=\"color: #444444; font-size: 1rem;\">\u00a0<\/strong><\/td>\n<\/tr>\n<\/tbody>\n<\/table>\n<p><strong><u>Datenschutzerkl\u00e4rung<\/u><\/strong><\/p>\n<ol>\n<li><strong> Allgemeines<\/strong><\/li>\n<\/ol>\n<p><strong>\u00a0<\/strong><strong>1.1 Was sind personenbezogene Daten<\/strong><br \/>\nPersonenbezogene Daten sind Angaben, die die Identit\u00e4t des Nutzers offenlegen oder offenlegen k\u00f6nnen. Wir halten uns an den Grundsatz der Datenvermeidung. Es wird soweit wie m\u00f6glich auf die Erhebung von personenbezogenen Daten verzichtet.<\/p>\n<p><strong>\u00a0<\/strong><strong>1.2 Umgang mit personenbezogenen Daten<\/strong><br \/>\nUnsere Website kann grunds\u00e4tzlich ohne Registrierung besucht werden. Personenbezogene Daten werden nur verarbeitet, soweit wir hierzu Ihre Einwilligung erhalten haben (Art. 6 I S. 1 a DSGVO). Sie werden grunds\u00e4tzlich nicht an Dritte weitergegeben.<br \/>\nNehmen Sie mit uns als Websitebetreiber durch die angebotenen Kontaktm\u00f6glichkeiten Verbindung auf, werden Ihre Angaben gespeichert, damit auf diese zur Bearbeitung und Beantwortung Ihrer Anfrage zur\u00fcckgegriffen werden kann. Ohne Ihre Einwilligung werden diese Daten nicht an Dritte weitergegeben.<\/p>\n<p><strong>\u00a0<\/strong><strong>1.3 Kategorien betroffener Personen<\/strong><br \/>\nBesucher und Nutzer des Onlineangebotes (Nachfolgend bezeichnen wir die betroffenen Personen zusammenfassend auch als &#8222;Nutzer&#8220;).<\/p>\n<p><strong>\u00a0<\/strong><strong>1.4 Zweck der Verarbeitung<\/strong><br \/>\n&#8211; Zurverf\u00fcgungstellung des Onlineangebotes, seiner Funktionen und Inhalte<br \/>\n&#8211; Beantwortung von Kontaktanfragen und Kommunikation mit Nutzern<br \/>\n&#8211; Sicherheitsma\u00dfnahmen<\/p>\n<p><strong>\u00a0<\/strong><strong>1.5 Nutzungsdaten<\/strong><br \/>\nBeim Besuch der Webseite werden allgemeine technische Informationen erhoben. Dies sind die verwendete IP-Adresse, Uhrzeit, Dauer des Besuchs, Browsertyp und ggf. die Herkunftsseite. Diese Nutzungsdaten werden technisch bedingt in einem Logfile<\/p>\n<p>registriert und k\u00f6nnen zum Zwecke der Statistikauswertung dieser Webseite benutzt und gespeichert werden. Die IP-Adresse des Besuchers ist anonymisiert bzw. werden die Logfiles nur f\u00fcr 6 Wochen bereitgestellt und anschlie\u00dfend gel\u00f6scht. Eine Verkn\u00fcpfung dieser Nutzungsdaten mit Ihren weiteren personenbezogenen Daten findet nicht statt.<\/p>\n<ol start=\"2\">\n<li><strong> Ihre Rechte<\/strong><strong style=\"font-size: 1rem;\">\u00a0<\/strong><\/li>\n<\/ol>\n<p><strong>2.1 Auskunft<\/strong><br \/>\nSie k\u00f6nnen von uns eine kostenfreie Auskunft dar\u00fcber verlangen, ob wir personenbezogene Daten von Ihnen verarbeiten und soweit dies der Fall ist haben Sie ein Recht auf Auskunft \u00fcber diese personenbezogenen Daten und auf die in Art. 15 DSGVO genannten weiteren Informationen.<\/p>\n<p><strong>\u00a0<\/strong><\/p>\n<p><strong>2.2 Recht auf Berichtigung<\/strong><br \/>\nSie haben das Recht auf Berichtigung der Sie betreffenden unrichtigen personenbezogenen Daten und k\u00f6nnen gem\u00e4\u00df Art. 16 DSGVO die Vervollst\u00e4ndigung unvollst\u00e4ndiger personenbezogener Daten verlangen.<\/p>\n<p><strong>2.3 Recht auf L\u00f6schung<\/strong><br \/>\nSie haben das Recht von uns zu verlangen, dass die Sie betreffenden personen-bezogenen Daten unverz\u00fcglich gel\u00f6scht werden. Wir sind verpflichtet diese unverz\u00fcglich zu l\u00f6schen, insbesondere sofern einer der folgenden Gr\u00fcnde zutrifft:<\/p>\n<table width=\"605\">\n<tbody>\n<tr>\n<td width=\"1\"><\/td>\n<td width=\"604\">\u00b7\u00a0\u00a0\u00a0\u00a0\u00a0 Ihre personenbezogenen Daten sind f\u00fcr die Zwecke, f\u00fcr die sie erhoben oder auf sonstige Weise verarbeitet wurden, nicht mehr notwendig.<\/p>\n<p>\u00b7\u00a0\u00a0\u00a0\u00a0\u00a0 Sie widerrufen ihre Einwilligung, auf die sich die Verarbeitung Ihrer Daten st\u00fctzte, und es fehlt an einer anderweitigen Rechtsgrundlage f\u00fcr die Verarbeitung.<\/p>\n<p>\u00b7\u00a0\u00a0\u00a0\u00a0\u00a0 Ihre Daten wurden unrechtm\u00e4\u00dfig verarbeitet.<\/p>\n<p>&nbsp;<\/p>\n<p>Das Recht auf L\u00f6schung besteht nicht, soweit Ihre personenbezogenen Daten zur Geltendmachung, Aus\u00fcbung oder Verteidigung unserer Rechtsanspr\u00fcche erforderlich sind.<\/td>\n<\/tr>\n<\/tbody>\n<\/table>\n<p><strong>2.4 Recht auf Einschr\u00e4nkung der Verarbeitung<\/strong><br \/>\nSie haben das Recht von uns die Einschr\u00e4nkung der Verarbeitung Ihrer personen-bezogenen Daten zu verlangen, wenn<\/p>\n<ul>\n<li>Sie die Richtigkeit der Daten bestreiten und wir daher die Richtigkeit \u00fcberpr\u00fcfen,<\/li>\n<li>die Verarbeitung unrechtm\u00e4\u00dfig ist und Sie die L\u00f6schung ablehnen und stattdessen die Einschr\u00e4nkung der Nutzung verlangen<\/li>\n<li>wir die Daten nicht l\u00e4nger ben\u00f6tigen, Sie diese jedoch zur Geltendmachung, Aus\u00fcbung oder Verteidigung von Rechtsanspr\u00fcchen ben\u00f6tigen,<\/li>\n<li>Sie Widerspruch gegen die Verarbeitung Ihrer Daten eingelegt haben und noch nicht feststeht, ob unsere berechtigten Gr\u00fcnde gegen\u00fcber Ihren Gr\u00fcnden \u00fcberwiegen.<\/li>\n<\/ul>\n<p><strong>\u00a0<\/strong><strong>2.5 Recht auf Daten\u00fcbertragbarkeit<\/strong><br \/>\nSie haben das Recht die Sie betreffenden personenbezogenen Daten, die Sie uns bereit-gestellt haben, in einem strukturierten, g\u00e4ngigen und maschinenlesbaren Format zu erhalten und Sie haben das Recht, diese Daten einem anderen Verantwortlichen ohne Behinderung durch uns zu \u00fcbermitteln, sofern die Verarbeitung auf einer Einwilligung oder einem Vertrag beruht und die Verarbeitung bei uns mithilfe automatisierter Verfahren erfolgt.<\/p>\n<p><strong>2.6 Widerrufsrecht<\/strong><br \/>\nSoweit die Verarbeitung Ihrer personenbezogenen Daten auf einer Einwilligung beruht, haben Sie das Recht diese Einwilligung jederzeit zu widerrufen.<\/p>\n<p><strong>2.7 Allgemeines und Beschwerderecht<\/strong><br \/>\nDie Aus\u00fcbung Ihrer vorstehenden Rechte ist f\u00fcr Sie grunds\u00e4tzlich kostenlos. Sie haben das Recht sich bei Beschwerden direkt an die f\u00fcr uns zust\u00e4ndige Aufsichtsbeh\u00f6rde, den Landesdatenschutzbeauftragen M-V, zu wenden.<\/p>\n<ol start=\"3\">\n<li><strong> Datensicherheit<\/strong><\/li>\n<\/ol>\n<p><strong>3.1 Datensicherheit<\/strong><br \/>\nS\u00e4mtliche Daten auf unserer Website werden durch technische und organisatorische Ma\u00dfnahmen gegen Verlust, Zerst\u00f6rung, Zugriff, Ver\u00e4nderung und Verbreitung gesichert.<\/p>\n<ol start=\"4\">\n<li><strong> Dienste von Drittanbietern<\/strong><\/li>\n<\/ol>\n<p>Sofern im Rahmen dieser Datenschutzerkl\u00e4rung Inhalte, Werkzeuge oder sonstige Mittel von anderen Anbietern (nachfolgend gemeinsam bezeichnet als \u201eDritt-Anbieter\u201c) eingesetzt werden und deren genannter Sitz im Ausland ist, ist davon auszugehen, dass ein Datentransfer in die Sitzstaaten der Dritt-Anbieter stattfindet. Die \u00dcbermittlung von Daten in Drittstaaten erfolgt entweder auf Grundlage einer gesetzlichen Erlaubnis, einer Einwilligung der Nutzer oder spezieller Vertragsklauseln, die eine gesetzlich vorausgesetzte Sicherheit der Daten gew\u00e4hrleisten.<\/p>\n<ol start=\"5\">\n<li><strong> Erhebung von Zugriffsdaten<\/strong><\/li>\n<\/ol>\n<p>Wir erheben Daten \u00fcber jeden Zugriff auf den Server, auf dem sich dieser Dienst befindet (so genannte Serverlogfiles). Zu den Zugriffsdaten geh\u00f6ren Name der abgerufenen Webseite, Datei, Datum und Uhrzeit des Abrufs, \u00fcbertragene Datenmenge, Meldung \u00fcber erfolgreichen Abruf, Browsertyp nebst Version, das Betriebssystem des Nutzers, Referrer URL (die zuvor besuchte Seite), IP-Adresse und der anfragende Provider.<\/p>\n<p>Wir verwenden die Protokolldaten ohne Zuordnung zur Person des Nutzers oder sonstiger Profilerstellung entsprechend den gesetzlichen Bestimmungen nur f\u00fcr statistische Auswertungen zum Zweck des Betriebs, der Sicherheit und der Optimierung der Website. Wir behalten uns jedoch vor, die Protokolldaten nachtr\u00e4glich zu \u00fcberpr\u00fcfen, wenn aufgrund konkreter Anhaltspunkte der berechtigte Verdacht einer rechtswidrigen Nutzung besteht.<\/p>\n<ol start=\"5\">\n<li><strong> Cookies<\/strong><\/li>\n<\/ol>\n<p>Cookies sind Informationen, die von unserem Webserver oder Webservern Dritter an die Web-Browser der Nutzer \u00fcbertragen und dort f\u00fcr einen sp\u00e4teren Abruf gespeichert werden. \u00dcber den Einsatz von Cookies im Rahmen pseudonymer Reichweitenmessung werden die Nutzer im Rahmen dieser Datenschutzerkl\u00e4rung informiert. Dar\u00fcber hinaus werden Cookies f\u00fcr Darstellungszwecke oder rechtlich erforderliche Funktionen, wie z.B. Vermerk, dass das Cookie-Hinweis-Banner best\u00e4tigt wurde, eine Reichweitenmessung nicht erfolgen soll (sog. \u201eOpt-Out\u201c-Cookie) oder Anpassung des Website-Designs an unterschiedliche Ger\u00e4te, verwendet.<\/p>\n<p>Die Betrachtung dieses Onlineangebotes ist auch unter Ausschluss von Cookies m\u00f6glich. Falls die Nutzer nicht m\u00f6chten, dass Cookies auf ihrem Rechner gespeichert werden, werden sie gebeten die entsprechende Option in den Systemeinstellungen ihres Browsers zu deaktivieren. Gespeicherte Cookies k\u00f6nnen in den Systemeinstellungen des Browsers gel\u00f6scht werden. Der Ausschluss von Cookies kann zu Funktionseinschr\u00e4nkungen dieses Onlineangebotes f\u00fchren.<\/p>\n<ol start=\"6\">\n<li><strong> \u00c4nderungen der Datenschutzerkl\u00e4rung<\/strong><\/li>\n<\/ol>\n<p>Wir behalten uns vor, die Datenschutzerkl\u00e4rung zu \u00e4ndern, um sie an ge\u00e4nderte Rechtslagen, oder bei \u00c4nderungen des Dienstes sowie der Datenverarbeitung anzupassen. Dies gilt jedoch nur im Hinblick auf Erkl\u00e4rungen zur Datenverarbeitung. Sofern Einwilligungen der Nutzer erforderlich sind oder Bestandteile der Datenschutzerkl\u00e4rung Regelungen des Vertragsverh\u00e4ltnisses mit den Nutzern enthalten, erfolgen die \u00c4nderungen nur mit Zustimmung der Nutzer.<\/p>\n<p>Die Nutzer werden gebeten sich regelm\u00e4\u00dfig \u00fcber den Inhalt der Datenschutzerkl\u00e4rung zu informieren.<\/p>\n<p>&nbsp;<\/p>\n","protected":false},"excerpt":{"rendered":"<p>Datenschutzerkl\u00e4rung f\u00fcr die WEB-Seite des GPLV\u00a0\u00a0\u00a0\u00a0\u00a0\u00a0\u00a0\u00a0\u00a0\u00a0\u00a0\u00a0\u00a0\u00a0\u00a0\u00a0\u00a0\u00a0\u00a0\u00a0 \u00a0\u00a0 Status: 10\/2018 Vielen Dank f\u00fcr den Besuch unserer Website. Bitte lesen Sie die gesamte Datenschutz-erkl\u00e4rung durch, bevor Sie diese Website nutzen oder uns pers\u00f6nliche Daten \u00fcber-mitteln. Datenschutzerkl\u00e4rung des GPLV Stralsund Webseitenbetreiber und Verantwortlicher: GPLV Stralsund,\u00a0 \u00a0 \u00a0S\u00f6ren Baumeister Dorfstr. 64, 18513 Grammendorf Tel. 0173-2054893 post@gplv-stralsund.de Der Websitebetreiber nimmt [&hellip;]<\/p>\n","protected":false},"author":1,"featured_media":0,"parent":0,"menu_order":0,"comment_status":"closed","ping_status":"closed","template":"page-templates\/full-width.php","meta":{"footnotes":""},"class_list":["post-60","page","type-page","status-publish","hentry"],"_links":{"self":[{"href":"https:\/\/gplv-stralsund.de\/index.php?rest_route=\/wp\/v2\/pages\/60","targetHints":{"allow":["GET"]}}],"collection":[{"href":"https:\/\/gplv-stralsund.de\/index.php?rest_route=\/wp\/v2\/pages"}],"about":[{"href":"https:\/\/gplv-stralsund.de\/index.php?rest_route=\/wp\/v2\/types\/page"}],"author":[{"embeddable":true,"href":"https:\/\/gplv-stralsund.de\/index.php?rest_route=\/wp\/v2\/users\/1"}],"replies":[{"embeddable":true,"href":"https:\/\/gplv-stralsund.de\/index.php?rest_route=%2Fwp%2Fv2%2Fcomments&post=60"}],"version-history":[{"count":8,"href":"https:\/\/gplv-stralsund.de\/index.php?rest_route=\/wp\/v2\/pages\/60\/revisions"}],"predecessor-version":[{"id":380,"href":"https:\/\/gplv-stralsund.de\/index.php?rest_route=\/wp\/v2\/pages\/60\/revisions\/380"}],"wp:attachment":[{"href":"https:\/\/gplv-stralsund.de\/index.php?rest_route=%2Fwp%2Fv2%2Fmedia&parent=60"}],"curies":[{"name":"wp","href":"https:\/\/api.w.org\/{rel}","templated":true}]}}